{"id":23041,"date":"2019-08-08T11:44:16","date_gmt":"2019-08-08T08:44:16","guid":{"rendered":"https:\/\/resita.extensii.ubbcluj.ro\/consiliul-cuubbr\/biroul-acte-de-studii\/"},"modified":"2022-06-20T11:13:50","modified_gmt":"2022-06-20T08:13:50","slug":"biroul-acte-de-studii","status":"publish","type":"page","link":"https:\/\/resita.extensii.ubbcluj.ro\/en\/consiliul-cuubbr\/biroul-acte-de-studii\/","title":{"rendered":"Study Documents Office"},"content":{"rendered":"\n<style type=\"text\/css\" data-created_by=\"avia_inline_auto\" id=\"style-css-av-l11wwrh7-d7666f6c401dd68190341a2375c41a9f\">\n.avia-section.av-l11wwrh7-d7666f6c401dd68190341a2375c41a9f{\nbackground-color:rgba(220,222,232,0.67);\nbackground-image:unset;\n}\n<\/style>\n<div id='av_section_1'  class='avia-section av-l11wwrh7-d7666f6c401dd68190341a2375c41a9f main_color avia-section-default avia-no-border-styling  avia-builder-el-0  el_before_av_section  avia-builder-el-first  avia-bg-style-scroll container_wrap fullsize'  ><div class='container av-section-cont-open' ><main  role=\"main\" itemprop=\"mainContentOfPage\"  class='template-page content  av-content-full alpha units'><div class='post-entry post-entry-type-page post-entry-23041'><div class='entry-content-wrapper clearfix'>\n<section  class='av_textblock_section av-kd8sitax-1664de8030e12201bdf9ff7efc16acbd '   itemscope=\"itemscope\" itemtype=\"https:\/\/schema.org\/CreativeWork\" ><div class='avia_textblock'  itemprop=\"text\" ><p>The Study Documents Office is located in Building A, 2nd floor.<\/p>\n<p><em><strong>Personalul biroului<\/strong><\/em><br \/>\n<strong>Andreea PER\u021aONI<\/strong><br \/>\ne-Mail: andreea.pertoni@ubbcluj.ro<br \/>\nTel.: 0730 583050<\/p>\n<p><strong>Orar eliberare diplome<\/strong><\/p>\n<p>Luni &#8211; joi:<br \/>\n<strong>11<sup>00<\/sup> \u2013 14<sup>00<\/sup><\/strong><\/p>\n<p>Vineri<br \/>\n<strong>11<sup>00 <\/sup>\u2013 13<sup>00<\/sup><\/strong><\/p>\n<p><em>Actele de studii se elibereaz\u0103 \u00een baza unei program\u0103ri prealabile, f\u0103cut\u0103 telefonic sau prin e-Mail.<\/em><\/p>\n<\/div><\/section>\n<\/div><\/div><\/main><!-- close content main element --><\/div><\/div>\n<style type=\"text\/css\" data-created_by=\"avia_inline_auto\" id=\"style-css-av-l11wz4rj-cbdf33e582254511868d865f996cdc9c\">\n.avia-section.av-l11wz4rj-cbdf33e582254511868d865f996cdc9c{\nbackground-color:rgba(211,181,175,0.25);\nbackground-image:unset;\n}\n<\/style>\n<div id='av_section_2'  class='avia-section av-l11wz4rj-cbdf33e582254511868d865f996cdc9c main_color avia-section-default avia-no-border-styling  avia-builder-el-2  el_after_av_section  el_before_av_section  avia-bg-style-scroll container_wrap fullsize'  ><div class='container av-section-cont-open' ><div class='template-page content  av-content-full alpha units'><div class='post-entry post-entry-type-page post-entry-23041'><div class='entry-content-wrapper clearfix'>\n<section  class='av_textblock_section av-l11x7ylc-8fd56acafb0c9f2cc651ea8a489694f0 '   itemscope=\"itemscope\" itemtype=\"https:\/\/schema.org\/CreativeWork\" ><div class='avia_textblock'  itemprop=\"text\" ><p><strong>Documente necesare pentru eliberarea actelor de studii \u0219i a documentelor universitare de tip supliment la diplom\u0103\/foaie matricol\u0103<\/strong><\/p>\n<ol>\n<li>Carte de identitate sau pa\u015faport valabile (\u00een original) \u015fi certificat de na\u015ftere (\u00een original sau copie).<\/li>\n<\/ol>\n<p><strong>Eliberarea Certificatului de absolvire a programului de formare psihopedagogic\u0103<\/strong><\/p>\n<ol>\n<li>Carte de identitate sau pa\u0219aport valabile (\u00een original) \u0219i certificat de na\u0219tere (\u00een original sau copie);<\/li>\n<li>Diploma de licen\u021b\u0103 \u2013 pentru nivelul I, respectiv diploma de master \u2013 pentru nivelul II, \u00een cazul absolven\u021bilor care au intrat deja \u00een posesia acestor diplome.<\/li>\n<\/ol>\n<p><strong>Eliberarea actelor de studii \u0219i a documentelor universitare de tip supliment la diplom\u0103\/foaie matricol\u0103\/situa\u021bie \u0219colar\u0103<\/strong><\/p>\n<p>Actele de studii \u0219i documentele universitare de tip supliment la diplom\u0103\/foaie matricol\u0103\/situa\u021bie \u0219colar\u0103 se elibereaz\u0103 titularului.<\/p>\n<p>\u00cen situa\u0163ia \u00een care titularul nu se poate prezenta, acestea pot fi eliberate \u00eemputernicitului acestuia, pe baz\u0103 de procur\u0103 autentificat\u0103 la notariat\/\u00eemputernicire avoca\u021bial\u0103, \u00een care se men\u0163ioneaz\u0103 \u00een mod expres faptul c\u0103 \u00eemputernicitul poate ridica acte de studii\/documente universitare.<\/p>\n<p>\u00cen cazul \u00een care procura notarial\u0103 a fost \u00eentocmit\u0103 pe teritoriul altui stat, aceasta se depune \u00een original, fiind \u00eenso\u021bit\u0103 de traducerea legalizat\u0103. Procura trebuie s\u0103 fie apostilat\u0103 sau supralegalizat\u0103 de autorit\u0103\u021bile competente ale statului pe al c\u0103rui teritoriu a fost \u00eentocmit\u0103, cu excep\u021bia celor \u00eentocmite \u00een statele care au \u00eencheiat cu Rom\u00e2nia conven\u021bii, tratate sau acorduri privind asisten\u021ba juridic\u0103 \u00een materie civil\u0103, care prev\u0103d scutirea de orice legalizare. Se accept\u0103 \u00eemputernicirile efectuate la ambasadele sau consulatele Rom\u00e2niei din diverse state. \u00cemputernicirile efectuate sub semn\u0103tura ambasadorului\/consulului nu trebuie traduse sau apostilate\/supralegalizate.<\/p>\n<p>Programa analitic\u0103 se elibereaz\u0103 titularului, sau unei alte persoane, f\u0103r\u0103 a fi necesar\u0103 prezentarea unei procuri notariale\/\u00eemputerniciri avoca\u021biale.<\/p>\n<p><strong>Eliberarea duplicatelor actelor de studii<\/strong><\/p>\n<p>\u00cen cazul pierderii, distrugerii complete, deterior\u0103rii par\u0163iale sau plastifierii unui act de studii, se poate elibera un duplicat al acestuia.<\/p>\n<p>Pentru eliberarea duplicatului unui act de studii, titularul adreseaz\u0103, \u00een scris, conducerii institu\u0163iei o cerere \u00eenso\u0163it\u0103 de urm\u0103toarele documente:<\/p>\n<ul>\n<li>declara\u0163ie scris\u0103 a titularului actului, \u00een care sunt cuprinse toate elementele necesare pentru identificare \u015fi \u00eemprejur\u0103rile \u00een care actul a fost pierdut, distrus sau deteriorat;<\/li>\n<li>copia certificat\u0103 conform cu originalul a certificatului de na\u0219tere;<\/li>\n<li>dou\u0103 fotografii ale titularului actului \u2013 realizate recent, pe h\u00e2rtie fotografic\u0103 poroas\u0103, color, format 3&#215;4 cm, pentru actele de studii prev\u0103zute cu \u201eLoc pentru fotografie\u201d;<\/li>\n<li>dovada public\u0103rii \u00een Monitorul Oficial al Rom\u00e2niei, Partea a III-a, \u00een cazul pierderii sau distrugerii actului de studii;<\/li>\n<li>actul de studii deteriorat sau plastifiat, \u00een original;<\/li>\n<li>procura notarial\u0103\/\u00eemputernicirea avoca\u021bial\u0103 \u00een copie certificat\u0103 cu originalul;<\/li>\n<li>dovada pl\u0103\u0163ii taxei pentru eliberarea duplicatului (taxa de 200 RON se poate achita \u00een numerar la Casieria Centrului Universitar UBB din Re\u015fi\u0163a \u00abCUUBBR\u00bb, respectiv prin virament bancar sau mandat po\u0219tal).<\/li>\n<\/ul>\n<p>Cererea se poate \u00eentocmi de c\u0103tre titularul actului de studii \u00een cauz\u0103 sau de \u00eemputernicitul acestuia.<\/p>\n<p>Dac\u0103 duplicatul unui act de studii a fost pierdut, deteriorat, distrus sau plastifiat, titularului i se elibereaz\u0103, la cerere, un alt duplicat.<\/p>\n<p>Dac\u0103 duplicatul unui act de studii a fost pierdut, deteriorat, distrus sau plastifiat, titularului i se elibereaz\u0103, la cerere, un alt duplicat.<\/p>\n<p>Termenul pentru eliberarea duplicatului unui act de studii este de maximum 30 de zile calendaristice de la data aprob\u0103rii cererii.<\/p>\n<p>Eliberarea duplicatului unui act de studii se face \u00een condi\u0163iile prev\u0103zute la capitolul \u201e<strong>Eliberarea actelor de studii<\/strong>\u00a0<strong>\u0219i a documentelor universitare de tip\u00a0supliment la diplom\u0103\/foaie matricol\u0103\/situa\u021bie \u0219colar\u0103\u201d.<\/strong><\/p>\n<p><em>Model de cerere pentru eliberarea duplicatului<\/em> <a href=\"https:\/\/www.ubbcluj.ro\/ro\/studenti\/files\/acte_studii\/cerere_duplicat_2020.docx\">DOCX<\/a> \/ <a href=\"https:\/\/resita.extensii.ubbcluj.ro\/wp-content\/uploads\/2022\/03\/cerere_duplicat.pdf\">PDF<\/a><\/p>\n<p><strong>Eliberarea adeverin\u0163ei de autenticitate a actelor de studii \u0219i a documentelor universitare de tip supliment la diplom\u0103\/foaie matricol\u0103<\/strong><\/p>\n<p>Pentru ob\u0163inerea adeverin\u0163ei de autenticitate a actelor de studii \u0219i a documentelor universitare de tip supliment la diplom\u0103\/foaie matricol\u0103, solicitate \u00een vederea viz\u0103rii de c\u0103tre Ministerul Educa\u0163iei \u015fi Cercet\u0103rii, \u00een vederea apostil\u0103rii sau \u00een vederea echival\u0103rii studiilor \u00een str\u0103in\u0103tate, titularul se prezint\u0103 la Serviciul Acte de studii cu urm\u0103toarele documente:<\/p>\n<ul>\n<li>cerere pentru eliberarea adeverin\u0163ei;<\/li>\n<li>actele de studii \u0219i documentele universitare pentru care se solicit\u0103 adeverin\u0163a de autenticitate, \u00een original \u015fi copii xerox ale acestora (\u00een cazul Programei analitice \u2013 doar copie xerox a adeverin\u0163ei nominale);<\/li>\n<li>dovada pl\u0103\u0163ii taxei pentru eliberarea adeverin\u0163ei (taxa de 50 RON se poate achita \u00een numerar la Casieria Centrului Universitar UBB din Re\u015fi\u0163a \u00abCUUBBR\u00bb, respectiv prin virament bancar sau mandat po\u0219tal).<\/li>\n<\/ul>\n<p>Termenul pentru eliberarea adeverin\u0163ei de autenticitate a actelor de studii este de dou\u0103 zile lucr\u0103toare de la data depunerii documentelor la Serviciul Acte de studii.<\/p>\n<p><em>Model de cerere pentru eliberarea adeverin\u0163ei de autenticitate<\/em> <a href=\"https:\/\/resita.extensii.ubbcluj.ro\/wp-content\/uploads\/2022\/03\/cerere_autenticitate.pdf\">PDF<\/a><\/p>\n<hr \/>\n<p><strong>Recomand\u0103ri<\/strong><\/p>\n<p>P\u0103stra\u0163i \u00een bune condi\u0163ii originalele actelor de studii \u015fi evita\u0163i depunerea acestora \u00een original la dosarele de concurs.<\/p>\n<p>Nu plastifia\u0163i originalele actelor de studii, deoarece pute\u0163i avea dificult\u0103\u0163i \u00een privin\u0163a autentific\u0103rii, viz\u0103rii \u015fi apostil\u0103rii acestora.<\/p>\n<\/div><\/section>\n<\/p>\n<\/div><\/div><\/div><!-- close content main div --><\/div><\/div>\n<style type=\"text\/css\" data-created_by=\"avia_inline_auto\" id=\"style-css-av-l11zav0u-32e4ad04035aa27b60f9040710625cc3\">\n.avia-section.av-l11zav0u-32e4ad04035aa27b60f9040710625cc3{\nbackground-color:#edffe8;\nbackground-image:unset;\n}\n<\/style>\n<div id='av_section_3'  class='avia-section av-l11zav0u-32e4ad04035aa27b60f9040710625cc3 main_color avia-section-default avia-no-border-styling  avia-builder-el-4  el_after_av_section  avia-builder-el-last  avia-bg-style-scroll container_wrap fullsize'  ><div class='container av-section-cont-open' ><div class='template-page content  av-content-full alpha units'><div class='post-entry post-entry-type-page post-entry-23041'><div class='entry-content-wrapper clearfix'>\n<section  class='av_textblock_section av-l11xffuu-ee6751c6155c76c30d1e3c450cd6e080 '   itemscope=\"itemscope\" itemtype=\"https:\/\/schema.org\/CreativeWork\" ><div class='avia_textblock'  itemprop=\"text\" ><p><a href=\"https:\/\/www.ubbcluj.ro\/ro\/taxe\/plata_taxelor#taxe_universitare_lei\"><strong>Modalit\u0103\u0163i de plat\u0103<\/strong><\/a><\/p>\n<table width=\"0\">\n<tbody>\n<tr>\n<td width=\"337\"><strong><u>Virament bancar<\/u><\/strong><\/p>\n<p><strong>Moneda:<\/strong>\u00a0LEI<\/p>\n<p><strong>Banca:\u00a0<\/strong>Trezoreria Cluj<\/p>\n<p><strong>IBAN:<\/strong>\u00a0RO35 TREZ 2162 0F33 0500 XXXX<\/p>\n<p><strong>SWIFT:<\/strong>\u00a0TREZROBU<\/p>\n<p><strong>COD CUI:<\/strong>\u00a04305849<\/td>\n<td width=\"330\"><strong><u>Mandat po\u015ftal<\/u><\/strong><\/p>\n<p><strong>Moneda: <\/strong>LEI<\/p>\n<p><strong>Banca:<\/strong>\u00a0Trezoreria Cluj<\/p>\n<p><strong>IBAN:<\/strong>\u00a0RO35 TREZ 2162 0F33 0500 XXXX<\/p>\n<p><strong>SWIFT:<\/strong>\u00a0TREZROBU<\/p>\n<p><strong>COD CUI:<\/strong>\u00a04305849<\/td>\n<\/tr>\n<\/tbody>\n<\/table>\n<\/div><\/section>\n\n","protected":false},"excerpt":{"rendered":"","protected":false},"author":2,"featured_media":0,"parent":23040,"menu_order":0,"comment_status":"closed","ping_status":"closed","template":"","meta":{"footnotes":""},"class_list":["post-23041","page","type-page","status-publish","hentry"],"_links":{"self":[{"href":"https:\/\/resita.extensii.ubbcluj.ro\/en\/wp-json\/wp\/v2\/pages\/23041","targetHints":{"allow":["GET"]}}],"collection":[{"href":"https:\/\/resita.extensii.ubbcluj.ro\/en\/wp-json\/wp\/v2\/pages"}],"about":[{"href":"https:\/\/resita.extensii.ubbcluj.ro\/en\/wp-json\/wp\/v2\/types\/page"}],"author":[{"embeddable":true,"href":"https:\/\/resita.extensii.ubbcluj.ro\/en\/wp-json\/wp\/v2\/users\/2"}],"replies":[{"embeddable":true,"href":"https:\/\/resita.extensii.ubbcluj.ro\/en\/wp-json\/wp\/v2\/comments?post=23041"}],"version-history":[{"count":1,"href":"https:\/\/resita.extensii.ubbcluj.ro\/en\/wp-json\/wp\/v2\/pages\/23041\/revisions"}],"predecessor-version":[{"id":23174,"href":"https:\/\/resita.extensii.ubbcluj.ro\/en\/wp-json\/wp\/v2\/pages\/23041\/revisions\/23174"}],"up":[{"embeddable":true,"href":"https:\/\/resita.extensii.ubbcluj.ro\/en\/wp-json\/wp\/v2\/pages\/23040"}],"wp:attachment":[{"href":"https:\/\/resita.extensii.ubbcluj.ro\/en\/wp-json\/wp\/v2\/media?parent=23041"}],"curies":[{"name":"wp","href":"https:\/\/api.w.org\/{rel}","templated":true}]}}