{"id":23031,"date":"2020-05-01T10:27:00","date_gmt":"2020-05-01T07:27:00","guid":{"rendered":"https:\/\/resita.extensii.ubbcluj.ro\/studenti\/oferte-pentru-studenti\/"},"modified":"2023-04-25T11:30:40","modified_gmt":"2023-04-25T08:30:40","slug":"oferte-pentru-studenti","status":"publish","type":"page","link":"https:\/\/resita.extensii.ubbcluj.ro\/en\/studenti\/oferte-pentru-studenti\/","title":{"rendered":"Oferte pentru studen\u021bi"},"content":{"rendered":"\n<style type=\"text\/css\" data-created_by=\"avia_inline_auto\" id=\"style-css-av-k9s3t19d-a1976c391ba29e73f4821a3460dcdaac\">\n.avia-section.av-k9s3t19d-a1976c391ba29e73f4821a3460dcdaac{\nbackground-color:rgba(190,204,232,0.62);\nbackground-image:unset;\n}\n<\/style>\n<div id='av_section_1'  class='avia-section av-k9s3t19d-a1976c391ba29e73f4821a3460dcdaac main_color avia-section-default avia-no-border-styling  avia-builder-el-0  el_before_av_textblock  avia-builder-el-first  avia-bg-style-scroll container_wrap fullsize'  ><div class='container av-section-cont-open' ><main  role=\"main\" itemprop=\"mainContentOfPage\"  class='template-page content  av-content-full alpha units'><div class='post-entry post-entry-type-page post-entry-23031'><div class='entry-content-wrapper clearfix'>\n<section  class='av_textblock_section av-k9s3uoku-382bfed54b3d08d6eb8c08165a7c0acc '   itemscope=\"itemscope\" itemtype=\"https:\/\/schema.org\/CreativeWork\" ><div class='avia_textblock'  itemprop=\"text\" ><div class=\"page-container-2\">\n<div class=\"coloana-dreapta\">\n<div id=\"c1242\" class=\"csc-default\">\n<h6 class=\"bodytext\">Burse, proiecte, oferte companii (Internship, practic\u0103), locuri de munc\u0103<\/h6>\n<\/div>\n<\/div>\n<\/div>\n<\/div><\/section>\n<\/div><\/div><\/main><!-- close content main element --><\/div><\/div><div id='after_section_1'  class='main_color av_default_container_wrap container_wrap fullsize'  ><div class='container av-section-cont-open' ><div class='template-page content  av-content-full alpha units'><div class='post-entry post-entry-type-page post-entry-23031'><div class='entry-content-wrapper clearfix'>\n<section  class='av_textblock_section av-lgw0a9gi-459d35bdd55c78460a0465858293e3c3 '   itemscope=\"itemscope\" itemtype=\"https:\/\/schema.org\/CreativeWork\" ><div class='avia_textblock'  itemprop=\"text\" ><p><strong>Au \u00eenceput \u00eenscrierile pentru a III-a edi\u021bie a Internship-ului organizat de UBB TechTransfer \u00een luna Iulie! Dac\u0103 e\u0219ti student sau masterand UBB, te po\u021bi \u00eenscrie p\u00e2n\u0103 \u00een data de 30 mai la intershipul UBBTechTransfer!<\/strong><\/p>\n<p><strong><a href=\"https:\/\/eng.ubbcluj.ro\/wp-content\/uploads\/2023\/04\/Internship-UBB-TechTransfer-2023.pdf\">DESPRE INTERNSHIP<\/a>, PE SCURT:<\/strong><\/p>\n<ul>\n<li>Cui se adreseaz\u0103?\u2002Studen\u021bilor \u0219i masteranzilor UBB<\/li>\n<li>C\u00e2nd va avea loc?\u200210 \u2013 28 Iulie 2023<\/li>\n<li>Cum se va desf\u0103\u0219ura?\u2002Hibrid (fizic + online)<\/li>\n<li>C\u00e2te locuri sunt disponibile?\u200220 locuri<\/li>\n<li>Termen limit\u0103 pentru \u00eenscrieri\u2002- 30 Mai 2023<\/li>\n<\/ul>\n<p><strong>De ce calit<\/strong><strong>\u0103\u021b<\/strong><strong>i ai nevoie pentru a te \u00eenscrie \u00een program?<\/strong><br \/>\n&#8211; deschidere c\u0103tre inovare<br \/>\n&#8211; g\u00e2ndire out of the box<br \/>\n&#8211; abilit\u0103\u021bi de comunicare at\u00e2t \u00een ceea ce prive\u0219te social engineering c\u00e2t \u0219i \u00een domenii \u0219tiin\u021bifice interdisciplinare \u0219i transversale<br \/>\n&#8211; spirit de ini\u021biativ\u0103<br \/>\n&#8211; atitudine proactiv\u0103<img loading=\"lazy\" decoding=\"async\" class=\"alignleft size-full wp-image-6126\" src=\"https:\/\/eng.ubbcluj.ro\/wp-content\/uploads\/2023\/04\/Afis_Internship_UBBTechTransfer_2023.jpg\" alt=\"\" width=\"1414\" height=\"2000\" \/><\/p>\n<p>Internship-ul poate fi recunoscut ca practica de var\u0103!<\/p>\n<p>Pentru mai multe detalii <a href=\"https:\/\/ttc.centre.ubbcluj.ro\/au-inceput-inscrierile-pentru-a-iii-a-editie-a-internship-ului-organizat-de-ubb-techtransfer-10-28-iulie-2023\/\">https:\/\/ttc.centre.ubbcluj.ro\/au-inceput-inscrierile-pentru-a-iii-a-editie-a-internship-ului-organizat-de-ubb-techtransfer-10-28-iulie-2023\/<\/a><\/p>\n<\/div><\/section>\n<div  class='hr av-av_hr-91d7ccd583a503147498e120fee2ff9b hr-default  avia-builder-el-3  el_after_av_textblock  el_before_av_one_full '><span class='hr-inner '><span class=\"hr-inner-style\"><\/span><\/span><\/div>\n\n<style type=\"text\/css\" data-created_by=\"avia_inline_auto\" id=\"style-css-av-23fxdt-1a8e7f932174ee43543597143ba82816\">\n.flex_column.av-23fxdt-1a8e7f932174ee43543597143ba82816{\nborder-radius:0px 0px 0px 0px;\npadding:0px 0px 0px 0px;\n}\n<\/style>\n<div  class='flex_column av-23fxdt-1a8e7f932174ee43543597143ba82816 av_one_full  avia-builder-el-4  el_after_av_hr  el_before_av_hr  first flex_column_div av-zero-column-padding  '     ><section  class='av_textblock_section av-kfcgxw11-8ba1c861c8c2e9fd7f1ad546c6cd420f '   itemscope=\"itemscope\" itemtype=\"https:\/\/schema.org\/CreativeWork\" ><div class='avia_textblock'  itemprop=\"text\" ><p>Post de<strong> inginer &#8211; produc\u021bie<\/strong> la Caransebe\u0219, Sumitomo Electric Group<\/p>\n<p><img loading=\"lazy\" decoding=\"async\" class=\"size-full wp-image-15929 aligncenter\" src=\"https:\/\/uem.ro\/wp-content\/uploads\/2020\/09\/Inginer-Productie_CRN.png\" alt=\"\" width=\"720\" height=\"1040\" srcset=\"https:\/\/resita.extensii.ubbcluj.ro\/wp-content\/uploads\/2020\/09\/Inginer-Productie_CRN.png 720w, https:\/\/resita.extensii.ubbcluj.ro\/wp-content\/uploads\/2020\/09\/Inginer-Productie_CRN-208x300.png 208w, https:\/\/resita.extensii.ubbcluj.ro\/wp-content\/uploads\/2020\/09\/Inginer-Productie_CRN-713x1030.png 713w, https:\/\/resita.extensii.ubbcluj.ro\/wp-content\/uploads\/2020\/09\/Inginer-Productie_CRN-488x705.png 488w\" sizes=\"auto, (max-width: 720px) 100vw, 720px\" \/><\/p>\n<\/div><\/section><\/div><div  class='hr av-av_hr-91d7ccd583a503147498e120fee2ff9b hr-default  avia-builder-el-6  el_after_av_one_full  el_before_av_textblock '><span class='hr-inner '><span class=\"hr-inner-style\"><\/span><\/span><\/div><\/p>\n<section  class='av_textblock_section av-odgye9-8a1e3ef225ea09de926a35f8e23bc50f '   itemscope=\"itemscope\" itemtype=\"https:\/\/schema.org\/CreativeWork\" ><div class='avia_textblock'  itemprop=\"text\" ><p>Proiect-pilot al UE pentru dezvoltarea competen\u021belor \u0219i a educa\u021biei \u00een Europa<\/p>\n<p><a href=\"https:\/\/www.eif.org\/what_we_do\/guarantees\/skills-and-education-guarantee-pilot\/index.htm\">https:\/\/www.eif.org\/what_we_do\/guarantees\/skills-and-education-guarantee-pilot\/index.htm<\/a><\/p>\n<\/div><\/section>\n","protected":false},"excerpt":{"rendered":"","protected":false},"author":2,"featured_media":0,"parent":23025,"menu_order":0,"comment_status":"closed","ping_status":"closed","template":"","meta":{"footnotes":""},"class_list":["post-23031","page","type-page","status-publish","hentry"],"_links":{"self":[{"href":"https:\/\/resita.extensii.ubbcluj.ro\/en\/wp-json\/wp\/v2\/pages\/23031","targetHints":{"allow":["GET"]}}],"collection":[{"href":"https:\/\/resita.extensii.ubbcluj.ro\/en\/wp-json\/wp\/v2\/pages"}],"about":[{"href":"https:\/\/resita.extensii.ubbcluj.ro\/en\/wp-json\/wp\/v2\/types\/page"}],"author":[{"embeddable":true,"href":"https:\/\/resita.extensii.ubbcluj.ro\/en\/wp-json\/wp\/v2\/users\/2"}],"replies":[{"embeddable":true,"href":"https:\/\/resita.extensii.ubbcluj.ro\/en\/wp-json\/wp\/v2\/comments?post=23031"}],"version-history":[{"count":2,"href":"https:\/\/resita.extensii.ubbcluj.ro\/en\/wp-json\/wp\/v2\/pages\/23031\/revisions"}],"predecessor-version":[{"id":25283,"href":"https:\/\/resita.extensii.ubbcluj.ro\/en\/wp-json\/wp\/v2\/pages\/23031\/revisions\/25283"}],"up":[{"embeddable":true,"href":"https:\/\/resita.extensii.ubbcluj.ro\/en\/wp-json\/wp\/v2\/pages\/23025"}],"wp:attachment":[{"href":"https:\/\/resita.extensii.ubbcluj.ro\/en\/wp-json\/wp\/v2\/media?parent=23031"}],"curies":[{"name":"wp","href":"https:\/\/api.w.org\/{rel}","templated":true}]}}