{"id":23011,"date":"2020-09-02T11:43:28","date_gmt":"2020-09-02T08:43:28","guid":{"rendered":"https:\/\/resita.extensii.ubbcluj.ro\/noutati\/resita-250\/"},"modified":"2020-09-02T11:43:28","modified_gmt":"2020-09-02T08:43:28","slug":"resita-250","status":"publish","type":"page","link":"https:\/\/resita.extensii.ubbcluj.ro\/en\/noutati\/resita-250\/","title":{"rendered":"Re\u0219i\u021ba 250"},"content":{"rendered":"<section  class='av_textblock_section av-kel4v939-1044679807684263a099a99e77de4789 '   itemscope=\"itemscope\" itemtype=\"https:\/\/schema.org\/CreativeWork\" ><div class='avia_textblock'  itemprop=\"text\" ><p>UEMR a ini\u021biat, dup\u0103 succesul concursului anterior <em>Re\u0219i\u021ba 249<\/em>, concursul online <strong>Re\u0219i\u021ba 250<\/strong>. De data aceasta, cu imagini.<\/p>\n<\/div><\/section>\n\n<style type=\"text\/css\" data-created_by=\"avia_inline_auto\" id=\"style-css-av-kelcf916-e0cebd7bb5af98f72bfd42426c41a9e6\">\n.avia-image-container.av-kelcf916-e0cebd7bb5af98f72bfd42426c41a9e6 img.avia_image{\nbox-shadow:none;\n}\n.avia-image-container.av-kelcf916-e0cebd7bb5af98f72bfd42426c41a9e6 .av-image-caption-overlay-center{\ncolor:#ffffff;\n}\n<\/style>\n<div  class='avia-image-container av-kelcf916-e0cebd7bb5af98f72bfd42426c41a9e6 av-styling- avia-align-center  avia-builder-el-1  el_after_av_textblock  el_before_av_textblock '   itemprop=\"image\" itemscope=\"itemscope\" itemtype=\"https:\/\/schema.org\/ImageObject\" ><div class=\"avia-image-container-inner\"><div class=\"avia-image-overlay-wrap\"><img decoding=\"async\" fetchpriority=\"high\" class='wp-image-22247 avia-img-lazy-loading-not-22247 avia_image ' src=\"https:\/\/resita.extensii.ubbcluj.ro\/wp-content\/uploads\/2020\/09\/logo-resita-250-1030x258.jpg\" alt='' title='logo resita 250'  height=\"258\" width=\"1030\"  itemprop=\"thumbnailUrl\" srcset=\"https:\/\/resita.extensii.ubbcluj.ro\/wp-content\/uploads\/2020\/09\/logo-resita-250-1030x258.jpg 1030w, https:\/\/resita.extensii.ubbcluj.ro\/wp-content\/uploads\/2020\/09\/logo-resita-250-300x75.jpg 300w, https:\/\/resita.extensii.ubbcluj.ro\/wp-content\/uploads\/2020\/09\/logo-resita-250-768x192.jpg 768w, https:\/\/resita.extensii.ubbcluj.ro\/wp-content\/uploads\/2020\/09\/logo-resita-250-1536x384.jpg 1536w, https:\/\/resita.extensii.ubbcluj.ro\/wp-content\/uploads\/2020\/09\/logo-resita-250-1500x375.jpg 1500w, https:\/\/resita.extensii.ubbcluj.ro\/wp-content\/uploads\/2020\/09\/logo-resita-250-705x176.jpg 705w, https:\/\/resita.extensii.ubbcluj.ro\/wp-content\/uploads\/2020\/09\/logo-resita-250.jpg 1600w\" sizes=\"(max-width: 1030px) 100vw, 1030px\" \/><\/div><\/div><\/div>\n<section  class='av_textblock_section av-kel4v939-1044679807684263a099a99e77de4789 '   itemscope=\"itemscope\" itemtype=\"https:\/\/schema.org\/CreativeWork\" ><div class='avia_textblock'  itemprop=\"text\" ><p style=\"text-align: center;\"><strong>\u201eRe\u0219i\u021ba 250\u201d: Proiect online dedicat istoriei \u0219i mediului \u00eenconjur\u0103tor al municipiului de pe B\u00e2rzava<\/strong><\/p>\n<\/div><\/section>\n<section  class='av_textblock_section av-kelcgp23-07ca983bea2c33c97c16edc6ea3eb36d '   itemscope=\"itemscope\" itemtype=\"https:\/\/schema.org\/CreativeWork\" ><div class='avia_textblock'  itemprop=\"text\" ><p>\u00cen data de 3 iulie a.c. se \u00eemplineau 249 de ani de industrie re\u0219i\u021bean\u0103 (1771 &#8211; 2020). \u00cen preambulul anivers\u0103rii, anul viitor, a 250 de ani de la sfin\u021birea, prin preotul Michael Grosdich din Cara\u0219ova, \u0219i apoi aprinderea primelor dou\u0103 cuptoare \u00eenalte ale Re\u0219i\u021bei, \u201eJosephus\u201d \u0219i \u201eFranziskus\u201d, Universitatea \u201eEftimie Murgu\u201d din Re\u0219i\u021ba, Biblioteca Jude\u021bean\u0103 \u201ePaul Iorgovici\u201d Cara\u0219-Severin, Forumul Democratic al Germanilor din jud. Cara\u0219-Severin \u0219i Asocia\u021bia German\u0103 de Cultur\u0103 \u0219i Educa\u021bie a Adul\u021bilor Re\u0219i\u021ba au lansat invita\u021bia celor care iubesc istoria Re\u0219i\u021bei de a participa la un concurs online.<br \/>\n\u00cen perioada 22 mai &#8211; 1 iulie, \u00een fiecare vineri \u0219i miercuri, a ap\u0103rut \u00een spa\u021biul online c\u00e2te un set de 5 \u00eentreb\u0103ri cu mai multe variante de r\u0103spuns, la care au fost invita\u021bi s\u0103 r\u0103spund\u0103 iubitorii municipiului nostru, ai istoriei acestuia. \u00centreb\u0103rile au fost formulate de prof. univ. dr. Gheorghe Popovici, un \u00eemp\u0103timit al locurilor noastre<br \/>\nProiectul online se va relua \u00een aceast\u0103 toamn\u0103. Astfel, \u00een luna septembrie 2020, vom continua cu un set de 60 de \u00eentreb\u0103ri, de data aceasta \u00een colaborare \u0219i cu Muzeul Cineastului Amator, prin custodele acestuia, Andrei B\u0103lb\u0103r\u0103u, cu sprijinul prof. univ. dr. Gheorghe Popovici. Timp de 6 s\u0103pt\u0103m\u00e2ni (2 septembrie &#8211; 9 octombrie 2020) vom pune la dispozi\u021bie online c\u00e2te 5 fotografii din Re\u0219i\u021ba \u0219i \u00eemprejurimi, cu cinci posibile r\u0103spunsuri de identificare. Astfel, vom avea \u0219i 30 de fotografii emblematice \u0219i o scurt\u0103 istorie a lor, promov\u00e2nd imaginea municipiului \u0219i a \u00eemprejurimilor sale.<\/p>\n<\/div><\/section>\n\n<style type=\"text\/css\" data-created_by=\"avia_inline_auto\" id=\"style-css-av-1whzmk1-39f5c622ebdd776ac7c1feb1899446db\">\n.flex_column.av-1whzmk1-39f5c622ebdd776ac7c1feb1899446db{\nborder-radius:0px 0px 0px 0px;\npadding:0px 0px 0px 0px;\n}\n<\/style>\n<div  class='flex_column av-1whzmk1-39f5c622ebdd776ac7c1feb1899446db av_one_full  avia-builder-el-4  el_after_av_textblock  avia-builder-el-last  first flex_column_div av-zero-column-padding  column-top-margin'     ><p><a href='https:\/\/docs.google.com\/forms\/d\/e\/1FAIpQLSc5LLkIoz3N55vKJcoaRO4H9vteDf1gZrGZnuvcRbLi6rreOg\/viewform?embedded=true'  target=\"_blank\"  rel=\"noopener noreferrer\" title=\"\"  class=\"avia-animated-number av-kel54fsf-d69f52d9f7a695b428e3e229fb2ffacc av-force-default-color avia_animate_when_visible  avia-builder-el-5  el_before_av_animated_numbers  avia-builder-el-first  \" data-timer=\"6000\"><strong class=\"heading avia-animated-number-title\"><span class=\"avia-no-number\">Chestionarul nr. <\/span><span class=\"avia-single-number __av-single-number\" data-number_format=\"\" data-number=\"14\" data-start_from=\"0\">14<\/span><\/strong><div class=\"avia-animated-number-content\"><p>Click pentru completare<\/p>\n<\/div><\/a><br \/>\n<a href='https:\/\/docs.google.com\/forms\/d\/e\/1FAIpQLSdcvWGUXfwgNeH0h2VUIaHyQID-mkSKiF5PvJDIggPFsw0ntg\/viewform?embedded=true'  target=\"_blank\"  rel=\"noopener noreferrer\" title=\"\"  class=\"avia-animated-number av-kel54fsf-76fffd0fd51c90e76eb2f4562b1adfbf av-force-default-color avia_animate_when_visible  avia-builder-el-6  el_after_av_animated_numbers  el_before_av_animated_numbers  \" data-timer=\"6000\"><strong class=\"heading avia-animated-number-title\"><span class=\"avia-no-number\">Chestionarul nr. <\/span><span class=\"avia-single-number __av-single-number\" data-number_format=\"\" data-number=\"13\" data-start_from=\"0\">13<\/span><\/strong><div class=\"avia-animated-number-content\"><p>Click pentru completare<\/p>\n<\/div><\/a><br \/>\n<a href='https:\/\/docs.google.com\/forms\/d\/e\/1FAIpQLSfef9xuk1gsjX9rv9lgMqz4p5KmZZ8LtuWxSNZGtQ2Px18Qxw\/viewform?embedded=true'  target=\"_blank\"  rel=\"noopener noreferrer\" title=\"\"  class=\"avia-animated-number av-kel54fsf-29d117d21857bb66586122f0c7b9d8d7 av-force-default-color avia_animate_when_visible  avia-builder-el-7  el_after_av_animated_numbers  el_before_av_animated_numbers  \" data-timer=\"6000\"><strong class=\"heading avia-animated-number-title\"><span class=\"avia-no-number\">Chestionarul nr. <\/span><span class=\"avia-single-number __av-single-number\" data-number_format=\"\" data-number=\"12\" data-start_from=\"0\">12<\/span><\/strong><div class=\"avia-animated-number-content\"><p>Click pentru completare<\/p>\n<\/div><\/a><br \/>\n<a href='https:\/\/docs.google.com\/forms\/d\/e\/1FAIpQLSd4Rxk9LzTmvE0j0Xb0RSzEw5FVQlc_qhtZuy_s-VxkXeGTYg\/viewform?embedded=true'  target=\"_blank\"  rel=\"noopener noreferrer\" title=\"\"  class=\"avia-animated-number av-kel54fsf-19c61c29d3e6e0816377a1dc7b4deb3f av-force-default-color avia_animate_when_visible  avia-builder-el-8  el_after_av_animated_numbers  el_before_av_animated_numbers  \" data-timer=\"6000\"><strong class=\"heading avia-animated-number-title\"><span class=\"avia-no-number\">Chestionarul nr. <\/span><span class=\"avia-single-number __av-single-number\" data-number_format=\"\" data-number=\"11\" data-start_from=\"0\">11<\/span><\/strong><div class=\"avia-animated-number-content\"><p>Click pentru completare<\/p>\n<\/div><\/a><br \/>\n<a href='https:\/\/docs.google.com\/forms\/d\/e\/1FAIpQLScewxJyACI6RPLKOk_jPKRZo_gx47jaxIYfzYcHzMcv37WZlQ\/viewform?embedded=true'  target=\"_blank\"  rel=\"noopener noreferrer\" title=\"\"  class=\"avia-animated-number av-kel54fsf-af6444fe998fb37059a37693ab876d66 av-force-default-color avia_animate_when_visible  avia-builder-el-9  el_after_av_animated_numbers  el_before_av_animated_numbers  \" data-timer=\"6000\"><strong class=\"heading avia-animated-number-title\"><span class=\"avia-no-number\">Chestionarul nr. <\/span><span class=\"avia-single-number __av-single-number\" data-number_format=\"\" data-number=\"10\" data-start_from=\"0\">10<\/span><\/strong><div class=\"avia-animated-number-content\"><p>Click pentru completare<\/p>\n<\/div><\/a><br \/>\n<a href='https:\/\/docs.google.com\/forms\/d\/e\/1FAIpQLScYdtarxqePSG0-ddM-67YTLBK9C4y4XZvsAlI2jaFL7jZixQ\/viewform?embedded=true'  target=\"_blank\"  rel=\"noopener noreferrer\" title=\"\"  class=\"avia-animated-number av-kel54fsf-9454ddba3cc59e2e9ffc259256e4cbf9 av-force-default-color avia_animate_when_visible  avia-builder-el-10  el_after_av_animated_numbers  el_before_av_animated_numbers  \" data-timer=\"6000\"><strong class=\"heading avia-animated-number-title\"><span class=\"avia-no-number\">Chestionarul nr. <\/span><span class=\"avia-single-number __av-single-number\" data-number_format=\"\" data-number=\"9\" data-start_from=\"0\">9<\/span><\/strong><div class=\"avia-animated-number-content\"><p>Click pentru completare<\/p>\n<\/div><\/a><br \/>\n<a href='https:\/\/docs.google.com\/forms\/d\/e\/1FAIpQLSdy8OIn2lR2lsf8Gs4xKLFgt4N6ULt2hTD2WbwxL5sc_NMWhw\/viewform?embedded=true'  target=\"_blank\"  rel=\"noopener noreferrer\" title=\"\"  class=\"avia-animated-number av-kel54fsf-e1d3121f991d050367cd7355e2a0d440 av-force-default-color avia_animate_when_visible  avia-builder-el-11  el_after_av_animated_numbers  el_before_av_animated_numbers  \" data-timer=\"6000\"><strong class=\"heading avia-animated-number-title\"><span class=\"avia-no-number\">Chestionarul nr. <\/span><span class=\"avia-single-number __av-single-number\" data-number_format=\"\" data-number=\"8\" data-start_from=\"0\">8<\/span><\/strong><div class=\"avia-animated-number-content\"><p>Click pentru completare<\/p>\n<\/div><\/a><br \/>\n<a href='https:\/\/docs.google.com\/forms\/d\/e\/1FAIpQLScIpKySLIzErpN1mcnV6xHxEjgD4BWZ3NR6NHO8GI2tttUYWw\/viewform?embedded=true'  target=\"_blank\"  rel=\"noopener noreferrer\" title=\"\"  class=\"avia-animated-number av-kel54fsf-e86d8f7c86570f88e86ffdc9ea761947 av-force-default-color avia_animate_when_visible  avia-builder-el-12  el_after_av_animated_numbers  el_before_av_animated_numbers  \" data-timer=\"6000\"><strong class=\"heading avia-animated-number-title\"><span class=\"avia-no-number\">Chestionarul nr. <\/span><span class=\"avia-single-number __av-single-number\" data-number_format=\"\" data-number=\"7\" data-start_from=\"0\">7<\/span><\/strong><div class=\"avia-animated-number-content\"><p>Click pentru completare<\/p>\n<\/div><\/a><br \/>\n<a href='https:\/\/docs.google.com\/forms\/d\/e\/1FAIpQLScuSh605_2SKS1o7-J5es4JakiCVvOUjCcSlXDCixCvdk3NAw\/viewform?embedded=true'  target=\"_blank\"  rel=\"noopener noreferrer\" title=\"\"  class=\"avia-animated-number av-kel54fsf-26644efd9da3cc0c8b9ab109a6656bbc av-force-default-color avia_animate_when_visible  avia-builder-el-13  el_after_av_animated_numbers  el_before_av_animated_numbers  \" data-timer=\"6000\"><strong class=\"heading avia-animated-number-title\"><span class=\"avia-no-number\">Chestionarul nr. <\/span><span class=\"avia-single-number __av-single-number\" data-number_format=\"\" data-number=\"6\" data-start_from=\"0\">6<\/span><\/strong><div class=\"avia-animated-number-content\"><p>Click pentru completare<\/p>\n<\/div><\/a><br \/>\n<a href='https:\/\/docs.google.com\/forms\/d\/e\/1FAIpQLSfBka0CJ7Bh9N1YkRGsbCILmpgTXr_4ak6UF6v-SOkfqVMVcQ\/viewform?embedded=true'  target=\"_blank\"  rel=\"noopener noreferrer\" title=\"\"  class=\"avia-animated-number av-kel54fsf-1acfdb8a2404620eb0c4b74faed8414a av-force-default-color avia_animate_when_visible  avia-builder-el-14  el_after_av_animated_numbers  el_before_av_animated_numbers  \" data-timer=\"6000\"><strong class=\"heading avia-animated-number-title\"><span class=\"avia-no-number\">Chestionarul nr. <\/span><span class=\"avia-single-number __av-single-number\" data-number_format=\"\" data-number=\"5\" data-start_from=\"0\">5<\/span><\/strong><div class=\"avia-animated-number-content\"><p>Click pentru completare<\/p>\n<\/div><\/a><br \/>\n<a href='https:\/\/docs.google.com\/forms\/d\/e\/1FAIpQLSf1s40cco3ccLN6CMM2n8Ji8cluF3FehwHePLZfyLX34ZMS5A\/viewform?embedded=true'  target=\"_blank\"  rel=\"noopener noreferrer\" title=\"\"  class=\"avia-animated-number av-kel54fsf-e26846a165e22f0c2cd91cea8451c1e9 av-force-default-color avia_animate_when_visible  avia-builder-el-15  el_after_av_animated_numbers  el_before_av_animated_numbers  \" data-timer=\"6000\"><strong class=\"heading avia-animated-number-title\"><span class=\"avia-no-number\">Chestionarul nr. <\/span><span class=\"avia-single-number __av-single-number\" data-number_format=\"\" data-number=\"4\" data-start_from=\"0\">4<\/span><\/strong><div class=\"avia-animated-number-content\"><p>Click pentru completare<\/p>\n<\/div><\/a><br \/>\n<a href='https:\/\/docs.google.com\/forms\/d\/e\/1FAIpQLSf1zdbdOdKrleJTpQjohk6_JF-dYYJ22wnIAAM0Kln3hAzsTA\/viewform?embedded=true'  target=\"_blank\"  rel=\"noopener noreferrer\" title=\"\"  class=\"avia-animated-number av-kel54fsf-528960f13a21dab07f4474fde0a3e9d3 av-force-default-color avia_animate_when_visible  avia-builder-el-16  el_after_av_animated_numbers  el_before_av_animated_numbers  \" data-timer=\"6000\"><strong class=\"heading avia-animated-number-title\"><span class=\"avia-no-number\">Chestionarul nr. <\/span><span class=\"avia-single-number __av-single-number\" data-number_format=\"\" data-number=\"3\" data-start_from=\"0\">3<\/span><\/strong><div class=\"avia-animated-number-content\"><p>Click pentru completare<\/p>\n<\/div><\/a><br \/>\n<a href='https:\/\/docs.google.com\/forms\/d\/e\/1FAIpQLSdsZD6vcxRlJT1TtxF4toibjBZEvfIRrLQFidIbTYfSoS4Btw\/viewform?embedded=true'  target=\"_blank\"  rel=\"noopener noreferrer\" title=\"\"  class=\"avia-animated-number av-kel54fsf-691a71ab6def45403d35b77c7103021c av-force-default-color avia_animate_when_visible  avia-builder-el-17  el_after_av_animated_numbers  el_before_av_animated_numbers  \" data-timer=\"6000\"><strong class=\"heading avia-animated-number-title\"><span class=\"avia-no-number\">Chestionarul nr. <\/span><span class=\"avia-single-number __av-single-number\" data-number_format=\"\" data-number=\"2\" data-start_from=\"0\">2<\/span><\/strong><div class=\"avia-animated-number-content\"><p>Click pentru completare<\/p>\n<\/div><\/a><br \/>\n<a href='https:\/\/docs.google.com\/forms\/d\/e\/1FAIpQLSfg7J9As4nhhNZx443JInlKFiPsZzbxXQpqWT8AwcfnnYKo5Q\/viewform?embedded=true'  target=\"_blank\"  rel=\"noopener noreferrer\" title=\"\"  class=\"avia-animated-number av-kel54fsf-33beb02685b84c340a0a1d4e9f6a9985 av-force-default-color avia_animate_when_visible  avia-builder-el-18  el_after_av_animated_numbers  avia-builder-el-last  \" data-timer=\"2000\"><strong class=\"heading avia-animated-number-title\"><span class=\"avia-no-number\">Chestionarul nr. <\/span><span class=\"avia-single-number __av-single-number\" data-number_format=\"\" data-number=\"1\" data-start_from=\"0\">1<\/span><\/strong><div class=\"avia-animated-number-content\"><p>Click pentru completare<\/p>\n<\/div><\/a><\/p><\/div>\n","protected":false},"excerpt":{"rendered":"","protected":false},"author":2,"featured_media":0,"parent":23008,"menu_order":0,"comment_status":"closed","ping_status":"closed","template":"","meta":{"footnotes":""},"class_list":["post-23011","page","type-page","status-publish","hentry"],"_links":{"self":[{"href":"https:\/\/resita.extensii.ubbcluj.ro\/en\/wp-json\/wp\/v2\/pages\/23011","targetHints":{"allow":["GET"]}}],"collection":[{"href":"https:\/\/resita.extensii.ubbcluj.ro\/en\/wp-json\/wp\/v2\/pages"}],"about":[{"href":"https:\/\/resita.extensii.ubbcluj.ro\/en\/wp-json\/wp\/v2\/types\/page"}],"author":[{"embeddable":true,"href":"https:\/\/resita.extensii.ubbcluj.ro\/en\/wp-json\/wp\/v2\/users\/2"}],"replies":[{"embeddable":true,"href":"https:\/\/resita.extensii.ubbcluj.ro\/en\/wp-json\/wp\/v2\/comments?post=23011"}],"version-history":[{"count":0,"href":"https:\/\/resita.extensii.ubbcluj.ro\/en\/wp-json\/wp\/v2\/pages\/23011\/revisions"}],"up":[{"embeddable":true,"href":"https:\/\/resita.extensii.ubbcluj.ro\/en\/wp-json\/wp\/v2\/pages\/23008"}],"wp:attachment":[{"href":"https:\/\/resita.extensii.ubbcluj.ro\/en\/wp-json\/wp\/v2\/media?parent=23011"}],"curies":[{"name":"wp","href":"https:\/\/api.w.org\/{rel}","templated":true}]}}