{"id":22974,"date":"2018-04-16T13:39:35","date_gmt":"2018-04-16T10:39:35","guid":{"rendered":"https:\/\/resita.extensii.ubbcluj.ro\/contact\/"},"modified":"2024-07-03T13:29:44","modified_gmt":"2024-07-03T10:29:44","slug":"contact","status":"publish","type":"page","link":"https:\/\/resita.extensii.ubbcluj.ro\/en\/contact\/","title":{"rendered":"Contact"},"content":{"rendered":"\n<style type=\"text\/css\" data-created_by=\"avia_inline_auto\" id=\"style-css-av-13cyj-4ff92c247cf42ccd365c4a4834a38c5f\">\n.flex_column.av-13cyj-4ff92c247cf42ccd365c4a4834a38c5f{\nborder-radius:0px 0px 0px 0px;\npadding:0px 0px 0px 0px;\n}\n<\/style>\n<div  class='flex_column av-13cyj-4ff92c247cf42ccd365c4a4834a38c5f av_one_half  avia-builder-el-0  el_before_av_one_half  avia-builder-el-first  first flex_column_div av-zero-column-padding  '     ><p>\n<style type=\"text\/css\" data-created_by=\"avia_inline_auto\" id=\"style-css-av-zy9v-dfcd4bc6eefa252c30d145d7a3d17bb6\">\n#top .av-special-heading.av-zy9v-dfcd4bc6eefa252c30d145d7a3d17bb6{\npadding-bottom:0;\n}\nbody .av-special-heading.av-zy9v-dfcd4bc6eefa252c30d145d7a3d17bb6 .av-special-heading-tag .heading-char{\nfont-size:25px;\n}\n.av-special-heading.av-zy9v-dfcd4bc6eefa252c30d145d7a3d17bb6 .av-subheading{\nfont-size:16px;\n}\n<\/style>\n<div  class='av-special-heading av-zy9v-dfcd4bc6eefa252c30d145d7a3d17bb6 av-special-heading-h3 blockquote classic-quote  avia-builder-el-1  el_before_av_hr  avia-builder-el-first '><h3 class='av-special-heading-tag '  itemprop=\"headline\"  >Centrul Universitar al UBB din Re\u015fi\u0163a<\/h3><div class='av-subheading av-subheading_below'><p>Pia\u0163a Traian Vuia, Nr. 1 &#8211; 4<br \/>\n320085, Re\u015fi\u0163a<br \/>\nCara\u015f-Severin, Rom\u00e2nia<\/p>\n<\/div><div class=\"special-heading-border\"><div class=\"special-heading-inner-border\"><\/div><\/div><\/div><br \/>\n\n<style type=\"text\/css\" data-created_by=\"avia_inline_auto\" id=\"style-css-av-9unf7-0c1d1829705eabd712d06b1c5cb0cf53\">\n#top .hr.av-9unf7-0c1d1829705eabd712d06b1c5cb0cf53{\nmargin-top:30px;\nmargin-bottom:30px;\n}\n.hr.av-9unf7-0c1d1829705eabd712d06b1c5cb0cf53 .hr-inner{\nwidth:100px;\nmax-width:45%;\n}\n<\/style>\n<div  class='hr av-9unf7-0c1d1829705eabd712d06b1c5cb0cf53 hr-custom  avia-builder-el-2  el_after_av_heading  el_before_av_heading  hr-center hr-icon-yes'><span class='hr-inner inner-border-av-border-thin'><span class=\"hr-inner-style\"><\/span><\/span><span class='av-seperator-icon avia-iconfont avia-font-entypo-fontello' data-av_icon='\ue810' data-av_iconfont='entypo-fontello' ><\/span><span class='hr-inner inner-border-av-border-thin'><span class=\"hr-inner-style\"><\/span><\/span><\/div><br \/>\n\n<style type=\"text\/css\" data-created_by=\"avia_inline_auto\" id=\"style-css-av-klm8sq20-736796b03e307b7b142909020249669d\">\n#top .av-special-heading.av-klm8sq20-736796b03e307b7b142909020249669d{\npadding-bottom:0;\n}\nbody .av-special-heading.av-klm8sq20-736796b03e307b7b142909020249669d .av-special-heading-tag .heading-char{\nfont-size:25px;\n}\n.av-special-heading.av-klm8sq20-736796b03e307b7b142909020249669d .av-subheading{\nfont-size:16px;\n}\n<\/style>\n<div  class='av-special-heading av-klm8sq20-736796b03e307b7b142909020249669d av-special-heading-h4 blockquote classic-quote  avia-builder-el-3  el_after_av_hr  el_before_av_hr '><h4 class='av-special-heading-tag '  itemprop=\"headline\"  >Directorat<\/h4><div class='av-subheading av-subheading_below'><p>Tel.: +40 374 810705<br \/>\nFax: +40 374 810712<br \/>\ne-Mail: centru.resita@ubbcluj.ro<\/p>\n<\/div><div class=\"special-heading-border\"><div class=\"special-heading-inner-border\"><\/div><\/div><\/div><br \/>\n\n<style type=\"text\/css\" data-created_by=\"avia_inline_auto\" id=\"style-css-av-693or-cd4db7a60b9701a2a7bd0e31998c97d4\">\n#top .hr.av-693or-cd4db7a60b9701a2a7bd0e31998c97d4{\nmargin-top:30px;\nmargin-bottom:30px;\n}\n.hr.av-693or-cd4db7a60b9701a2a7bd0e31998c97d4 .hr-inner{\nwidth:100px;\nmax-width:45%;\n}\n<\/style>\n<div  class='hr av-693or-cd4db7a60b9701a2a7bd0e31998c97d4 hr-custom  avia-builder-el-4  el_after_av_heading  el_before_av_heading  hr-center hr-icon-yes'><span class='hr-inner inner-border-av-border-thin'><span class=\"hr-inner-style\"><\/span><\/span><span class='av-seperator-icon avia-iconfont avia-font-entypo-fontello' data-av_icon='\ue810' data-av_iconfont='entypo-fontello' ><\/span><span class='hr-inner inner-border-av-border-thin'><span class=\"hr-inner-style\"><\/span><\/span><\/div><br \/>\n\n<style type=\"text\/css\" data-created_by=\"avia_inline_auto\" id=\"style-css-av-klm8tt7n-4a335f0ce6f516b3206e014e6a8a934a\">\n#top .av-special-heading.av-klm8tt7n-4a335f0ce6f516b3206e014e6a8a934a{\npadding-bottom:0;\n}\nbody .av-special-heading.av-klm8tt7n-4a335f0ce6f516b3206e014e6a8a934a .av-special-heading-tag .heading-char{\nfont-size:25px;\n}\n.av-special-heading.av-klm8tt7n-4a335f0ce6f516b3206e014e6a8a934a .av-subheading{\nfont-size:16px;\n}\n<\/style>\n<div  class='av-special-heading av-klm8tt7n-4a335f0ce6f516b3206e014e6a8a934a av-special-heading-h4 blockquote classic-quote  avia-builder-el-5  el_after_av_hr  avia-builder-el-last '><h4 class='av-special-heading-tag '  itemprop=\"headline\"  >Biroul acte de studii<\/h4><div class='av-subheading av-subheading_below'><p>Tel.: +40 730 583050<br \/>\ne-Mail: andreea.pertoni@ubbcluj.ro<\/p>\n<\/div><div class=\"special-heading-border\"><div class=\"special-heading-inner-border\"><\/div><\/div><\/div><\/p><\/div>\n<style type=\"text\/css\" data-created_by=\"avia_inline_auto\" id=\"style-css-av-4wfu3-df77394c94e6b716938ef7b9ea0fe610\">\n.flex_column.av-4wfu3-df77394c94e6b716938ef7b9ea0fe610{\nborder-radius:0px 0px 0px 0px;\npadding:0px 0px 0px 0px;\n}\n<\/style>\n<div  class='flex_column av-4wfu3-df77394c94e6b716938ef7b9ea0fe610 av_one_half  avia-builder-el-6  el_after_av_one_half  el_before_av_google_map  avia-builder-el-last  flex_column_div av-zero-column-padding  '     ><p>\n<style type=\"text\/css\" data-created_by=\"avia_inline_auto\" id=\"style-css-av-4nyif-45d79729efbf480898a11a2edeacb090\">\n#top .av_textblock_section.av-4nyif-45d79729efbf480898a11a2edeacb090 .avia_textblock{\nfont-size:16px;\n}\n<\/style>\n<section  class='av_textblock_section av-4nyif-45d79729efbf480898a11a2edeacb090 '   itemscope=\"itemscope\" itemtype=\"https:\/\/schema.org\/CreativeWork\" ><div class='avia_textblock'  itemprop=\"text\" ><p>Pentru orice \u00eentrebare sau sesizare pe care o ave\u021bi, formularul de mai jos este cel mai bun mod de a ne contacta.<br \/>\nV\u0103 r\u0103spundem prompt la orice neclaritate!<\/p>\n<\/div><\/section><br \/>\n\n<style type=\"text\/css\" data-created_by=\"avia_inline_auto\" id=\"style-css-av-3ocn7-02cfcfe6fd05f51aad65e58c8f95e1ad\">\n#top .hr.av-3ocn7-02cfcfe6fd05f51aad65e58c8f95e1ad{\nmargin-top:30px;\nmargin-bottom:30px;\n}\n.hr.av-3ocn7-02cfcfe6fd05f51aad65e58c8f95e1ad .hr-inner{\nwidth:50px;\nmax-width:45%;\n}\n<\/style>\n<div  class='hr av-3ocn7-02cfcfe6fd05f51aad65e58c8f95e1ad hr-custom  avia-builder-el-8  el_after_av_textblock  el_before_av_contact  hr-center hr-icon-yes'><span class='hr-inner inner-border-av-border-thin'><span class=\"hr-inner-style\"><\/span><\/span><span class='av-seperator-icon avia-iconfont avia-font-entypo-fontello' data-av_icon='\ue805' data-av_iconfont='entypo-fontello' ><\/span><span class='hr-inner inner-border-av-border-thin'><span class=\"hr-inner-style\"><\/span><\/span><\/div><br \/>\n<form action=\"https:\/\/resita.extensii.ubbcluj.ro\/en\/contact\/\" method=\"post\" data-fields-with-error=\"Found errors in the following field(s):\" class=\"avia_ajax_form av-form-labels-hidden   avia-builder-el-9  el_after_av_hr  el_before_av_textblock   \" data-avia-form-id=\"1\" data-avia-redirect='' ><fieldset><p class='  first_form  form_element form_fullwidth' id='element_avia_1_1'><label for=\"avia_1_1\">Nume <abbr class=\"required\" title=\"required\">*<\/abbr><\/label> <input name=\"avia_1_1\" class=\"text_input is_empty\" type=\"text\" id=\"avia_1_1\" value=\"\"  placeholder='Nume*'\/><\/p><p class='  first_form  form_element form_fullwidth' id='element_avia_2_1'><label for=\"avia_2_1\">Mail <abbr class=\"required\" title=\"required\">*<\/abbr><\/label> <input name=\"avia_2_1\" class=\"text_input is_email\" type=\"text\" id=\"avia_2_1\" value=\"\"  placeholder='Mail*'\/><\/p><p class='  first_form  form_element form_fullwidth' id='element_avia_3_1'><label for=\"avia_3_1\">Subiect <abbr class=\"required\" title=\"required\">*<\/abbr><\/label> <input name=\"avia_3_1\" class=\"text_input is_empty\" type=\"text\" id=\"avia_3_1\" value=\"\"  placeholder='Subiect*'\/><\/p><p class='  first_form  form_element form_fullwidth' id='element_avia_4_1'><label for=\"avia_4_1\" class=\"textare_label hidden textare_label_avia_4_1\">Mesaj <abbr class=\"required\" title=\"required\">*<\/abbr><\/label><textarea  placeholder='Mesaj*' name=\"avia_4_1\" class=\"text_area is_empty\" cols=\"40\" rows=\"7\" id=\"avia_4_1\" ><\/textarea><\/p><p class=\"hidden\"><input type=\"text\" name=\"avia_5_1\" class=\"hidden \" id=\"avia_5_1\" value=\"\" \/><\/p><p class='   form_element form_fullwidth' id='element_avia_6_1'><span class='value_verifier_label'>3 + 3 = ?<\/span><input name=\"avia_6_1_verifier\" type=\"hidden\" id=\"avia_6_1_verifier\" value=\"764577871\"\/><label for=\"avia_6_1\">Please prove that you are human by solving the equation <abbr class=\"required\" title=\"required\">*<\/abbr><\/label><input name=\"avia_6_1\" class=\"text_input captcha\" type=\"text\" id=\"avia_6_1\" value=\"\"\/><\/p><p class=\"form_element \"><input type=\"hidden\" value=\"1\" name=\"avia_generated_form1\" \/><input type=\"submit\" value=\"Trimite!\" class=\"button\"  data-sending-label=\"Sending\"\/><\/p><\/fieldset><\/form><div id=\"ajaxresponse_1\" class=\"ajaxresponse ajaxresponse_1 hidden\"><\/div><br \/>\n<section  class='av_textblock_section av-l5thgkds-111e0549486603453294e13a62603cea '   itemscope=\"itemscope\" itemtype=\"https:\/\/schema.org\/CreativeWork\" ><div class='avia_textblock'  itemprop=\"text\" ><p style=\"text-align: justify;\">Prin ap\u0103sarea butonului <strong>TRIMITE<\/strong> am luat la cuno\u0219tin\u021b\u0103 c\u0103 prin transmiterea mesajului, datele mele cu caracter personal vor fi prelucrate conform <a href=\"https:\/\/resita.extensii.ubbcluj.ro\/wp-content\/uploads\/2022\/07\/formular-consimtamant.pdf\"><strong><em>Notei de Informare<\/em><\/strong><\/a> \u0219i conform <a href=\"https:\/\/www.ubbcluj.ro\/ro\/politici\/\"><strong><em>Politicii de confiden\u021bialitate a Universit\u0103\u021bii Babe\u0219-Bolyai din Cluj-Napoca<\/em><\/strong>.<\/a><\/p>\n<\/div><\/section><\/p><\/div><\/p>\n<div  class='av_gmaps_sc_main_wrap av_gmaps_main_wrap '><div id='av_gmap_0' class='avia-google-map-container avia-google-map-sc av_gmaps_show_unconditionally av-no-fallback-img ' data-mapid='av_gmap_0'  style='height: 400px;'><a class=\"av_gmaps_browser_disabled av_text_confirm_link av_text_confirm_link_visible\" href=\"https:\/\/www.google.com\/maps\/search\/?api=1&#038;query=Pia\u0163a%20Traian%20Vuia,%20Nr.%201-4%20320085%20Re\u015fi\u0163a%20%20Romania\" target=\"_blank\">Maps were disabled by the visitor on this site. Click to open the map in a new window.<\/a><\/div><\/div>\n","protected":false},"excerpt":{"rendered":"","protected":false},"author":1,"featured_media":0,"parent":0,"menu_order":0,"comment_status":"closed","ping_status":"closed","template":"","meta":{"footnotes":""},"class_list":["post-22974","page","type-page","status-publish","hentry"],"_links":{"self":[{"href":"https:\/\/resita.extensii.ubbcluj.ro\/en\/wp-json\/wp\/v2\/pages\/22974","targetHints":{"allow":["GET"]}}],"collection":[{"href":"https:\/\/resita.extensii.ubbcluj.ro\/en\/wp-json\/wp\/v2\/pages"}],"about":[{"href":"https:\/\/resita.extensii.ubbcluj.ro\/en\/wp-json\/wp\/v2\/types\/page"}],"author":[{"embeddable":true,"href":"https:\/\/resita.extensii.ubbcluj.ro\/en\/wp-json\/wp\/v2\/users\/1"}],"replies":[{"embeddable":true,"href":"https:\/\/resita.extensii.ubbcluj.ro\/en\/wp-json\/wp\/v2\/comments?post=22974"}],"version-history":[{"count":6,"href":"https:\/\/resita.extensii.ubbcluj.ro\/en\/wp-json\/wp\/v2\/pages\/22974\/revisions"}],"predecessor-version":[{"id":26964,"href":"https:\/\/resita.extensii.ubbcluj.ro\/en\/wp-json\/wp\/v2\/pages\/22974\/revisions\/26964"}],"wp:attachment":[{"href":"https:\/\/resita.extensii.ubbcluj.ro\/en\/wp-json\/wp\/v2\/media?parent=22974"}],"curies":[{"name":"wp","href":"https:\/\/api.w.org\/{rel}","templated":true}]}}