{"id":22702,"date":"2018-04-14T18:19:57","date_gmt":"2018-04-14T15:19:57","guid":{"rendered":"https:\/\/resita.extensii.ubbcluj.ro\/acasa\/"},"modified":"2022-09-19T14:32:31","modified_gmt":"2022-09-19T11:32:31","slug":"acasa","status":"publish","type":"page","link":"https:\/\/resita.extensii.ubbcluj.ro\/en\/acasa\/","title":{"rendered":"Home"},"content":{"rendered":"<p><div id='full_slider_1'  class='avia-fullwidth-slider main_color avia-shadow   avia-builder-el-0  el_before_av_two_third  avia-builder-el-first   container_wrap fullsize'  ><div  class='avia-slideshow av-ajuyk-40080cb9bd027561ae2f64496755d741 avia-slideshow-featured av_slideshow_full avia-slide-slider av-slideshow-ui av-control-default av-slideshow-autoplay av-loop-endless av-loop-manual-endless av-default-height-applied   avia-slideshow-1' data-slideshow-options=\"{&quot;animation&quot;:&quot;slide&quot;,&quot;autoplay&quot;:true,&quot;loop_autoplay&quot;:&quot;endless&quot;,&quot;interval&quot;:5,&quot;loop_manual&quot;:&quot;manual-endless&quot;,&quot;autoplay_stopper&quot;:false,&quot;noNavigation&quot;:false,&quot;bg_slider&quot;:false,&quot;keep_padding&quot;:false,&quot;hoverpause&quot;:false,&quot;show_slide_delay&quot;:0}\"  itemprop=\"image\" itemscope=\"itemscope\" itemtype=\"https:\/\/schema.org\/ImageObject\" ><ul class='avia-slideshow-inner ' style='padding-bottom: 28.666666666667%;'><li  class='avia-slideshow-slide av-ajuyk-40080cb9bd027561ae2f64496755d741__0  slide-1 slide-odd'><div data-rel='slideshow-1' class='avia-slide-wrap '   ><img decoding=\"async\" fetchpriority=\"high\" class=\"wp-image-21853 avia-img-lazy-loading-not-21853\"  src=\"https:\/\/resita.extensii.ubbcluj.ro\/wp-content\/uploads\/2018\/10\/100.jpg\" width=\"1500\" height=\"430\" title='UEM' alt=''  itemprop=\"thumbnailUrl\" srcset=\"https:\/\/resita.extensii.ubbcluj.ro\/wp-content\/uploads\/2018\/10\/100.jpg 1500w, https:\/\/resita.extensii.ubbcluj.ro\/wp-content\/uploads\/2018\/10\/100-300x86.jpg 300w, https:\/\/resita.extensii.ubbcluj.ro\/wp-content\/uploads\/2018\/10\/100-768x220.jpg 768w, https:\/\/resita.extensii.ubbcluj.ro\/wp-content\/uploads\/2018\/10\/100-1030x295.jpg 1030w, https:\/\/resita.extensii.ubbcluj.ro\/wp-content\/uploads\/2018\/10\/100-705x202.jpg 705w, https:\/\/resita.extensii.ubbcluj.ro\/wp-content\/uploads\/2018\/10\/100-450x129.jpg 450w\" sizes=\"(max-width: 1500px) 100vw, 1500px\" \/><\/div><\/li><li  class='avia-slideshow-slide av-ajuyk-40080cb9bd027561ae2f64496755d741__1  slide-2 slide-even'><div data-rel='slideshow-1' class='avia-slide-wrap '   ><img decoding=\"async\" fetchpriority=\"high\" class=\"wp-image-21872 avia-img-lazy-loading-not-21872\"  src=\"https:\/\/resita.extensii.ubbcluj.ro\/wp-content\/uploads\/2019\/01\/Office-365.jpg\" width=\"1500\" height=\"430\" title='Office 365' alt=''  itemprop=\"thumbnailUrl\" srcset=\"https:\/\/resita.extensii.ubbcluj.ro\/wp-content\/uploads\/2019\/01\/Office-365.jpg 1500w, https:\/\/resita.extensii.ubbcluj.ro\/wp-content\/uploads\/2019\/01\/Office-365-300x86.jpg 300w, https:\/\/resita.extensii.ubbcluj.ro\/wp-content\/uploads\/2019\/01\/Office-365-768x220.jpg 768w, https:\/\/resita.extensii.ubbcluj.ro\/wp-content\/uploads\/2019\/01\/Office-365-1030x295.jpg 1030w, https:\/\/resita.extensii.ubbcluj.ro\/wp-content\/uploads\/2019\/01\/Office-365-705x202.jpg 705w, https:\/\/resita.extensii.ubbcluj.ro\/wp-content\/uploads\/2019\/01\/Office-365-450x129.jpg 450w\" sizes=\"(max-width: 1500px) 100vw, 1500px\" \/><\/div><\/li><li  class='avia-slideshow-slide av-ajuyk-40080cb9bd027561ae2f64496755d741__2  slide-3 slide-odd'><div data-rel='slideshow-1' class='avia-slide-wrap '   ><img decoding=\"async\" fetchpriority=\"high\" class=\"wp-image-21854 avia-img-lazy-loading-not-21854\"  src=\"https:\/\/resita.extensii.ubbcluj.ro\/wp-content\/uploads\/2018\/10\/101.jpg\" width=\"1500\" height=\"430\" title='101' alt=''  itemprop=\"thumbnailUrl\" srcset=\"https:\/\/resita.extensii.ubbcluj.ro\/wp-content\/uploads\/2018\/10\/101.jpg 1500w, https:\/\/resita.extensii.ubbcluj.ro\/wp-content\/uploads\/2018\/10\/101-300x86.jpg 300w, https:\/\/resita.extensii.ubbcluj.ro\/wp-content\/uploads\/2018\/10\/101-768x220.jpg 768w, https:\/\/resita.extensii.ubbcluj.ro\/wp-content\/uploads\/2018\/10\/101-1030x295.jpg 1030w, https:\/\/resita.extensii.ubbcluj.ro\/wp-content\/uploads\/2018\/10\/101-705x202.jpg 705w, https:\/\/resita.extensii.ubbcluj.ro\/wp-content\/uploads\/2018\/10\/101-450x129.jpg 450w\" sizes=\"(max-width: 1500px) 100vw, 1500px\" \/><\/div><\/li><li  class='avia-slideshow-slide av-ajuyk-40080cb9bd027561ae2f64496755d741__3  slide-4 slide-even'><a href=\"http:\/\/anelisplus2020.anelisplus.ro\/\"  target=\"_blank\"  rel=\"noopener noreferrer\" data-rel='slideshow-1' class='avia-slide-wrap '   ><img decoding=\"async\" fetchpriority=\"high\" class=\"wp-image-21877 avia-img-lazy-loading-not-21877\"  src=\"https:\/\/resita.extensii.ubbcluj.ro\/wp-content\/uploads\/2019\/01\/ANELIS-1500x426.png\" width=\"1500\" height=\"426\" title='ANELIS' alt=''  itemprop=\"thumbnailUrl\" srcset=\"https:\/\/resita.extensii.ubbcluj.ro\/wp-content\/uploads\/2019\/01\/ANELIS-1500x426.png 1500w, https:\/\/resita.extensii.ubbcluj.ro\/wp-content\/uploads\/2019\/01\/ANELIS-300x84.png 300w\" sizes=\"(max-width: 1500px) 100vw, 1500px\" \/><\/a><\/li><li  class='avia-slideshow-slide av-ajuyk-40080cb9bd027561ae2f64496755d741__4  slide-5 slide-odd'><div data-rel='slideshow-1' class='avia-slide-wrap '   ><img decoding=\"async\" fetchpriority=\"high\" class=\"wp-image-22037 avia-img-lazy-loading-not-22037\"  src=\"https:\/\/resita.extensii.ubbcluj.ro\/wp-content\/uploads\/2019\/11\/102.jpg\" width=\"1500\" height=\"430\" title='102' alt=''  itemprop=\"thumbnailUrl\" srcset=\"https:\/\/resita.extensii.ubbcluj.ro\/wp-content\/uploads\/2019\/11\/102.jpg 1500w, https:\/\/resita.extensii.ubbcluj.ro\/wp-content\/uploads\/2019\/11\/102-300x86.jpg 300w, https:\/\/resita.extensii.ubbcluj.ro\/wp-content\/uploads\/2019\/11\/102-768x220.jpg 768w, https:\/\/resita.extensii.ubbcluj.ro\/wp-content\/uploads\/2019\/11\/102-1030x295.jpg 1030w, https:\/\/resita.extensii.ubbcluj.ro\/wp-content\/uploads\/2019\/11\/102-705x202.jpg 705w\" sizes=\"(max-width: 1500px) 100vw, 1500px\" \/><\/div><\/li><li  class='avia-slideshow-slide av-ajuyk-40080cb9bd027561ae2f64496755d741__5  slide-6 slide-even'><div data-rel='slideshow-1' class='avia-slide-wrap '   ><img decoding=\"async\" fetchpriority=\"high\" class=\"wp-image-21859 avia-img-lazy-loading-not-21859\"  src=\"https:\/\/resita.extensii.ubbcluj.ro\/wp-content\/uploads\/2018\/10\/106.jpg\" width=\"1500\" height=\"430\" title='106' alt=''  itemprop=\"thumbnailUrl\" srcset=\"https:\/\/resita.extensii.ubbcluj.ro\/wp-content\/uploads\/2018\/10\/106.jpg 1500w, https:\/\/resita.extensii.ubbcluj.ro\/wp-content\/uploads\/2018\/10\/106-300x86.jpg 300w, https:\/\/resita.extensii.ubbcluj.ro\/wp-content\/uploads\/2018\/10\/106-768x220.jpg 768w, https:\/\/resita.extensii.ubbcluj.ro\/wp-content\/uploads\/2018\/10\/106-1030x295.jpg 1030w, https:\/\/resita.extensii.ubbcluj.ro\/wp-content\/uploads\/2018\/10\/106-705x202.jpg 705w, https:\/\/resita.extensii.ubbcluj.ro\/wp-content\/uploads\/2018\/10\/106-450x129.jpg 450w\" sizes=\"(max-width: 1500px) 100vw, 1500px\" \/><\/div><\/li><li  class='avia-slideshow-slide av-ajuyk-40080cb9bd027561ae2f64496755d741__6  slide-7 slide-odd'><div data-rel='slideshow-1' class='avia-slide-wrap '   ><img decoding=\"async\" fetchpriority=\"high\" class=\"wp-image-21858 avia-img-lazy-loading-not-21858\"  src=\"https:\/\/resita.extensii.ubbcluj.ro\/wp-content\/uploads\/2018\/10\/105.jpg\" width=\"1500\" height=\"430\" title='105' alt=''  itemprop=\"thumbnailUrl\" srcset=\"https:\/\/resita.extensii.ubbcluj.ro\/wp-content\/uploads\/2018\/10\/105.jpg 1500w, https:\/\/resita.extensii.ubbcluj.ro\/wp-content\/uploads\/2018\/10\/105-300x86.jpg 300w, https:\/\/resita.extensii.ubbcluj.ro\/wp-content\/uploads\/2018\/10\/105-768x220.jpg 768w, https:\/\/resita.extensii.ubbcluj.ro\/wp-content\/uploads\/2018\/10\/105-1030x295.jpg 1030w, https:\/\/resita.extensii.ubbcluj.ro\/wp-content\/uploads\/2018\/10\/105-705x202.jpg 705w, https:\/\/resita.extensii.ubbcluj.ro\/wp-content\/uploads\/2018\/10\/105-450x129.jpg 450w\" sizes=\"(max-width: 1500px) 100vw, 1500px\" \/><\/div><\/li><li  class='avia-slideshow-slide av-ajuyk-40080cb9bd027561ae2f64496755d741__7  slide-8 slide-even'><div data-rel='slideshow-1' class='avia-slide-wrap '   ><img decoding=\"async\" fetchpriority=\"high\" class=\"wp-image-21960 avia-img-lazy-loading-not-21960\"  src=\"https:\/\/resita.extensii.ubbcluj.ro\/wp-content\/uploads\/2019\/04\/108.jpg\" width=\"1500\" height=\"430\" title='108' alt=''  itemprop=\"thumbnailUrl\" srcset=\"https:\/\/resita.extensii.ubbcluj.ro\/wp-content\/uploads\/2019\/04\/108.jpg 1500w, https:\/\/resita.extensii.ubbcluj.ro\/wp-content\/uploads\/2019\/04\/108-300x86.jpg 300w, https:\/\/resita.extensii.ubbcluj.ro\/wp-content\/uploads\/2019\/04\/108-768x220.jpg 768w, https:\/\/resita.extensii.ubbcluj.ro\/wp-content\/uploads\/2019\/04\/108-1030x295.jpg 1030w, https:\/\/resita.extensii.ubbcluj.ro\/wp-content\/uploads\/2019\/04\/108-705x202.jpg 705w, https:\/\/resita.extensii.ubbcluj.ro\/wp-content\/uploads\/2019\/04\/108-450x129.jpg 450w\" sizes=\"(max-width: 1500px) 100vw, 1500px\" \/><\/div><\/li><li  class='avia-slideshow-slide av-ajuyk-40080cb9bd027561ae2f64496755d741__8  slide-9 slide-odd'><div data-rel='slideshow-1' class='avia-slide-wrap '   ><img decoding=\"async\" fetchpriority=\"high\" class=\"wp-image-21857 avia-img-lazy-loading-not-21857\"  src=\"https:\/\/resita.extensii.ubbcluj.ro\/wp-content\/uploads\/2018\/10\/104.jpg\" width=\"1500\" height=\"430\" title='104' alt=''  itemprop=\"thumbnailUrl\" srcset=\"https:\/\/resita.extensii.ubbcluj.ro\/wp-content\/uploads\/2018\/10\/104.jpg 1500w, https:\/\/resita.extensii.ubbcluj.ro\/wp-content\/uploads\/2018\/10\/104-300x86.jpg 300w, https:\/\/resita.extensii.ubbcluj.ro\/wp-content\/uploads\/2018\/10\/104-768x220.jpg 768w, https:\/\/resita.extensii.ubbcluj.ro\/wp-content\/uploads\/2018\/10\/104-1030x295.jpg 1030w, https:\/\/resita.extensii.ubbcluj.ro\/wp-content\/uploads\/2018\/10\/104-705x202.jpg 705w, https:\/\/resita.extensii.ubbcluj.ro\/wp-content\/uploads\/2018\/10\/104-450x129.jpg 450w\" sizes=\"(max-width: 1500px) 100vw, 1500px\" \/><\/div><\/li><li  class='avia-slideshow-slide av-ajuyk-40080cb9bd027561ae2f64496755d741__9  slide-10 slide-even'><div data-rel='slideshow-1' class='avia-slide-wrap '   ><img decoding=\"async\" fetchpriority=\"high\" class=\"wp-image-21860 avia-img-lazy-loading-not-21860\"  src=\"https:\/\/resita.extensii.ubbcluj.ro\/wp-content\/uploads\/2018\/10\/107.jpg\" width=\"1500\" height=\"430\" title='107' alt=''  itemprop=\"thumbnailUrl\" srcset=\"https:\/\/resita.extensii.ubbcluj.ro\/wp-content\/uploads\/2018\/10\/107.jpg 1500w, https:\/\/resita.extensii.ubbcluj.ro\/wp-content\/uploads\/2018\/10\/107-300x86.jpg 300w, https:\/\/resita.extensii.ubbcluj.ro\/wp-content\/uploads\/2018\/10\/107-768x220.jpg 768w, https:\/\/resita.extensii.ubbcluj.ro\/wp-content\/uploads\/2018\/10\/107-1030x295.jpg 1030w, https:\/\/resita.extensii.ubbcluj.ro\/wp-content\/uploads\/2018\/10\/107-705x202.jpg 705w, https:\/\/resita.extensii.ubbcluj.ro\/wp-content\/uploads\/2018\/10\/107-450x129.jpg 450w\" sizes=\"(max-width: 1500px) 100vw, 1500px\" \/><\/div><\/li><\/ul><div class='avia-slideshow-arrows avia-slideshow-controls' ><a href='#prev' class='prev-slide  avia-svg-icon avia-font-svg_entypo-fontello' data-av_svg_icon='left-open-big' data-av_iconset='svg_entypo-fontello' tabindex='-1' title=\"Previous\"><svg version=\"1.1\" xmlns=\"http:\/\/www.w3.org\/2000\/svg\" width=\"15\" height=\"32\" viewBox=\"0 0 15 32\" preserveAspectRatio=\"xMidYMid meet\" aria-labelledby='av-svg-title-1' aria-describedby='av-svg-desc-1' role=\"graphics-symbol\" aria-hidden=\"true\">\n<title id='av-svg-title-1'>Previous<\/title>\n<desc id='av-svg-desc-1'>Previous<\/desc>\n<path d=\"M14.464 27.84q0.832 0.832 0 1.536-0.832 0.832-1.536 0l-12.544-12.608q-0.768-0.768 0-1.6l12.544-12.608q0.704-0.832 1.536 0 0.832 0.704 0 1.536l-11.456 11.904z\"><\/path>\n<\/svg><span class='avia_hidden_link_text'>Previous<\/span><\/a><a href='#next' class='next-slide  avia-svg-icon avia-font-svg_entypo-fontello' data-av_svg_icon='right-open-big' data-av_iconset='svg_entypo-fontello' tabindex='-1' title=\"Next\"><svg version=\"1.1\" xmlns=\"http:\/\/www.w3.org\/2000\/svg\" width=\"15\" height=\"32\" viewBox=\"0 0 15 32\" preserveAspectRatio=\"xMidYMid meet\" aria-labelledby='av-svg-title-2' aria-describedby='av-svg-desc-2' role=\"graphics-symbol\" aria-hidden=\"true\">\n<title id='av-svg-title-2'>Next<\/title>\n<desc id='av-svg-desc-2'>Next<\/desc>\n<path d=\"M0.416 27.84l11.456-11.84-11.456-11.904q-0.832-0.832 0-1.536 0.832-0.832 1.536 0l12.544 12.608q0.768 0.832 0 1.6l-12.544 12.608q-0.704 0.832-1.536 0-0.832-0.704 0-1.536z\"><\/path>\n<\/svg><span class='avia_hidden_link_text'>Next<\/span><\/a><\/div><div class='avia-slideshow-dots avia-slideshow-controls'><a href='#1' class='goto-slide active' >1<\/a><a href='#2' class='goto-slide ' >2<\/a><a href='#3' class='goto-slide ' >3<\/a><a href='#4' class='goto-slide ' >4<\/a><a href='#5' class='goto-slide ' >5<\/a><a href='#6' class='goto-slide ' >6<\/a><a href='#7' class='goto-slide ' >7<\/a><a href='#8' class='goto-slide ' >8<\/a><a href='#9' class='goto-slide ' >9<\/a><a href='#10' class='goto-slide ' >10<\/a><\/div><\/div><\/div><div id='after_full_slider_1'  class='main_color av_default_container_wrap container_wrap fullsize'  ><div class='container av-section-cont-open' ><div class='template-page content  av-content-full alpha units'><div class='post-entry post-entry-type-page post-entry-22702'><div class='entry-content-wrapper clearfix'><br \/>\n\n<style type=\"text\/css\" data-created_by=\"avia_inline_auto\" id=\"style-css-av-6jrjc-4aca4ac852d867807564b27a64dc4356\">\n.flex_column.av-6jrjc-4aca4ac852d867807564b27a64dc4356{\nborder-radius:0px 0px 0px 0px;\npadding:0px 0px 0px 0px;\n}\n<\/style>\n<div  class='flex_column av-6jrjc-4aca4ac852d867807564b27a64dc4356 av_two_third  avia-builder-el-1  el_after_av_slideshow_full  el_before_av_one_third  avia-builder-el-first  first flex_column_div av-zero-column-padding  '     ><div  class='av-alb-blogposts template-blog  '  itemscope=\"itemscope\" itemtype=\"https:\/\/schema.org\/Blog\" >\t<article class=\"entry\">\n\t\t<header class=\"entry-content-header\" aria-label=\"No Posts Found\" >\n<h1 class='post-title entry-title '>Nothing Found<\/h1>\t\t<\/header>\n\n\t\t<p class=\"entry-content\"  itemprop=\"text\" >Sorry, no posts matched your criteria<\/p>\n\n\t\t<footer class=\"entry-footer\"><\/footer>\n\t<\/article>\n\n<div class='single-big'><\/div><\/div><\/div><br \/>\n\n<style type=\"text\/css\" data-created_by=\"avia_inline_auto\" id=\"style-css-av-56vfg-d3fe01ac66cbb03c10c340d2f63bb17c\">\n.flex_column.av-56vfg-d3fe01ac66cbb03c10c340d2f63bb17c{\nborder-radius:0px 0px 0px 0px;\npadding:0px 0px 0px 0px;\n}\n<\/style>\n<div  class='flex_column av-56vfg-d3fe01ac66cbb03c10c340d2f63bb17c av_one_third  avia-builder-el-3  el_after_av_two_third  avia-builder-el-last  flex_column_div av-zero-column-padding  '     ><p><div  class='avia-button-wrap avia-button-center '>\n<style type=\"text\/css\" data-created_by=\"avia_inline_auto\" id=\"style-css-av-4iots-5835058336c5399cd6eed16b727aef74\">\n#top #wrap_all .avia-button.av-4iots-5835058336c5399cd6eed16b727aef74{\ncolor:#ffffff;\ntransition:all 0.4s ease-in-out;\n}\n#top #wrap_all .avia-button.av-4iots-5835058336c5399cd6eed16b727aef74:hover{\ncolor:#ffffff;\ntransition:all 0.4s ease-in-out;\n}\n#top #wrap_all .avia-button.av-4iots-5835058336c5399cd6eed16b727aef74 .avia-svg-icon svg:first-child{\nfill:#ffffff;\nstroke:#ffffff;\n}\n#top #wrap_all .avia-button.av-4iots-5835058336c5399cd6eed16b727aef74:hover .avia-svg-icon svg:first-child{\nfill:#ffffff;\nstroke:#ffffff;\n}\n<\/style>\n<a href='https:\/\/outlook.office.com' class='avia-color-theme-color avia-button avia-button-fullwidth av-4iots-5835058336c5399cd6eed16b727aef74 avia-icon_select-yes-left-icon avia-color-theme-color'  target=\"_blank\"  rel=\"noopener noreferrer\"  aria-label=\"Webmail\"><span class='avia_button_icon avia_button_icon_left avia-iconfont avia-font-entypo-fontello' data-av_icon='\ue805' data-av_iconfont='entypo-fontello' ><\/span><span class='avia_iconbox_title' >Webmail<\/span><span class='avia_button_background avia-button avia-button-fullwidth avia-color-theme-color'><\/span><\/a><\/div><br \/>\n\n<style type=\"text\/css\" data-created_by=\"avia_inline_auto\" id=\"style-css-av-3y8ps-b84484a69b28b1903d71419226ecc233\">\n#top .hr.hr-invisible.av-3y8ps-b84484a69b28b1903d71419226ecc233{\nheight:15px;\n}\n<\/style>\n<div  class='hr av-3y8ps-b84484a69b28b1903d71419226ecc233 hr-invisible  avia-builder-el-4  el_before_av_button_big  avia-builder-el-no-sibling '><span class='hr-inner '><span class=\"hr-inner-style\"><\/span><\/span><\/div><br \/>\n<div  class='avia-button-wrap avia-button-center  avia-builder-el-5  el_after_av_hr  el_before_av_hr '>\n<style type=\"text\/css\" data-created_by=\"avia_inline_auto\" id=\"style-css-av-33ip4-299ca84757139c7a0e55d7d8b757c616\">\n#top #wrap_all .avia-button.av-33ip4-299ca84757139c7a0e55d7d8b757c616{\nbackground-color:#825859;\nborder-color:#825859;\ncolor:#ffffff;\ntransition:all 0.4s ease-in-out;\n}\n#top #wrap_all .avia-button.av-33ip4-299ca84757139c7a0e55d7d8b757c616:hover{\nbackground-color:grey;\ncolor:#ffffff;\ntransition:all 0.4s ease-in-out;\n}\n#top #wrap_all .avia-button.av-33ip4-299ca84757139c7a0e55d7d8b757c616 .avia-svg-icon svg:first-child{\nfill:#ffffff;\nstroke:#ffffff;\n}\n#top #wrap_all .avia-button.av-33ip4-299ca84757139c7a0e55d7d8b757c616:hover .avia-svg-icon svg:first-child{\nfill:#ffffff;\nstroke:#ffffff;\n}\n<\/style>\n<a href='http:\/\/vechi.uem.ro' class='avia-button avia-button-fullwidth av-33ip4-299ca84757139c7a0e55d7d8b757c616 avia-icon_select-yes-left-icon avia-color-custom'  target=\"_blank\"  rel=\"noopener noreferrer\"  aria-label=\"Vechiul site...\"><span class='avia_button_icon avia_button_icon_left avia-iconfont avia-font-entypo-fontello' data-av_icon='\ue8b1' data-av_iconfont='entypo-fontello' ><\/span><span class='avia_iconbox_title' >Vechiul site...<\/span><\/a><\/div><br \/>\n<div  class='hr av-13ev4-a467849aa80e0c756a4e9fbeb735a122 hr-default  avia-builder-el-6  el_after_av_button_big  el_before_av_textblock  avia-builder-el-first '><span class='hr-inner '><span class=\"hr-inner-style\"><\/span><\/span><\/div><br \/>\n<section  class='av_textblock_section av-jrfznqju-011b23b2dfe33aa923c18a508e29d20e '   itemscope=\"itemscope\" itemtype=\"https:\/\/schema.org\/CreativeWork\" ><div class='avia_textblock'  itemprop=\"text\" ><p><span style=\"color: #000080;\">\u00cen <a href=\"https:\/\/uem.ro\/wp-content\/uploads\/2019\/04\/Campus-Cafe-300x236.png\"><b>Campus Caf\u00e9<\/b><\/a> din campusul central al universit\u0103\u0163ii se poate servi zilnic masa, la un pre\u0163 de <b>12 lei!<\/b><\/span><\/p>\n<\/div><\/section><br \/>\n<div  class='hr av-zgno-1a17625c8fcad5a9e8d954fe7b5120e0 hr-default  avia-builder-el-8  el_after_av_textblock  el_before_av_textblock '><span class='hr-inner '><span class=\"hr-inner-style\"><\/span><\/span><\/div><br \/>\n<section  class='av_textblock_section av-11h18-9848c005ec614d198b3fea3bd302909f '   itemscope=\"itemscope\" itemtype=\"https:\/\/schema.org\/CreativeWork\" ><div class='avia_textblock'  itemprop=\"text\" ><div class=\"page-container-2\">\n<div class=\"content2\">\n<div id=\"c1561\" class=\"csc-default\">\n<strong>Protec\u021bia datelor cu caracter personal<\/strong><\/p>\n<p class=\"bodytext\">\u2022 Regulament nr. 679 din 2016 privind protec\u021bia persoanelor fizice \u00een ceea ce prive\u0219te datele cu caracter personal \u0219i libera circula\u021bie a acestor date <a href=\"\/wp-content\/uploads\/2018\/07\/GDPR_679_2016_RO.pdf\">RO<\/a> \/ <a href=\"\/wp-content\/uploads\/2018\/07\/GDPR_679_2016_EN.pdf\">EN<\/a>.<br \/>\n\u2022 Pentru aplicarea regulamentului UEMR a implementat Procedura intern\u0103 P.1.2-0, aprobat\u0103 de Senatul universit\u0103\u021bii.<br \/>\n\u2022 Pentru mai multe informa\u021bii angaja\u021bii UEMR \u0219i candida\u021bii pentru ocuparea prin concurs a unor posturi pot consulta aceast\u0103 <a href=\"https:\/\/uem.ro\/wp-content\/uploads\/informatii\/informare_prelucrarea_datelor_angajati_concursuri.pdf\">informare.<\/a><\/p>\n<p class=\"bodytext\">\u2022 Contact responsabil cu protec\u021bia datelor:<br \/>\ne-Mail: <strong>dpo@uem.ro<\/strong><\/p>\n<p class=\"bodytext\"><a class=\"external-link-new-window\" title=\"ANSPDCP\" href=\"http:\/\/www.dataprotection.ro\/\">&gt; Autoritatea Na\u021bional\u0103 de Supraveghere a Prelucr\u0103rii Datelor cu Caracter Personal<\/a><\/p>\n<\/div>\n<\/div>\n<\/div>\n<\/div><\/section><\/p><\/div><section  class='av_textblock_section av-jn2zp7au-9b0169f57c33196d87ae1b34fbe0cb95 '   itemscope=\"itemscope\" itemtype=\"https:\/\/schema.org\/CreativeWork\" ><div class='avia_textblock'  itemprop=\"text\" ><p>Vizitatori ai site-ului<\/p>\n<\/div><\/section><br \/>\n<\/p>\n","protected":false},"excerpt":{"rendered":"","protected":false},"author":2,"featured_media":0,"parent":0,"menu_order":0,"comment_status":"closed","ping_status":"closed","template":"","meta":{"footnotes":""},"class_list":["post-22702","page","type-page","status-publish","hentry"],"_links":{"self":[{"href":"https:\/\/resita.extensii.ubbcluj.ro\/en\/wp-json\/wp\/v2\/pages\/22702","targetHints":{"allow":["GET"]}}],"collection":[{"href":"https:\/\/resita.extensii.ubbcluj.ro\/en\/wp-json\/wp\/v2\/pages"}],"about":[{"href":"https:\/\/resita.extensii.ubbcluj.ro\/en\/wp-json\/wp\/v2\/types\/page"}],"author":[{"embeddable":true,"href":"https:\/\/resita.extensii.ubbcluj.ro\/en\/wp-json\/wp\/v2\/users\/2"}],"replies":[{"embeddable":true,"href":"https:\/\/resita.extensii.ubbcluj.ro\/en\/wp-json\/wp\/v2\/comments?post=22702"}],"version-history":[{"count":1,"href":"https:\/\/resita.extensii.ubbcluj.ro\/en\/wp-json\/wp\/v2\/pages\/22702\/revisions"}],"predecessor-version":[{"id":22703,"href":"https:\/\/resita.extensii.ubbcluj.ro\/en\/wp-json\/wp\/v2\/pages\/22702\/revisions\/22703"}],"wp:attachment":[{"href":"https:\/\/resita.extensii.ubbcluj.ro\/en\/wp-json\/wp\/v2\/media?parent=22702"}],"curies":[{"name":"wp","href":"https:\/\/api.w.org\/{rel}","templated":true}]}}